{"id":22402,"date":"2024-06-13T18:42:53","date_gmt":"2024-06-13T18:42:53","guid":{"rendered":"https:\/\/nexusaiagency.com\/?page_id=22402"},"modified":"2025-07-08T13:45:16","modified_gmt":"2025-07-08T13:45:16","slug":"ai-voice-assistant-locatel-venezuela","status":"publish","type":"page","link":"https:\/\/nexusaiagency.com\/es\/ai-voice-assistant-locatel-venezuela\/","title":{"rendered":"AI Voice Assistant &#8211; Locatel Venezuela"},"content":{"rendered":"<div data-elementor-type=\"wp-page\" data-elementor-id=\"22402\" class=\"elementor elementor-22402\" data-elementor-post-type=\"page\">\n\t\t\t\t<div class=\"elementor-element elementor-element-4adfc06 e-flex e-con-boxed e-con e-parent\" data-id=\"4adfc06\" data-element_type=\"container\">\n\t\t\t\t\t<div class=\"e-con-inner\">\n\t\t\t\t<div class=\"elementor-element elementor-element-b9e3594 elementor-widget elementor-widget-image\" data-id=\"b9e3594\" data-element_type=\"widget\" data-settings=\"{&quot;ekit_we_effect_on&quot;:&quot;none&quot;}\" data-widget_type=\"image.default\">\n\t\t\t\t<div class=\"elementor-widget-container\">\n\t\t\t\t\t\t\t\t\t\t\t\t\t\t\t<img fetchpriority=\"high\" decoding=\"async\" width=\"470\" height=\"144\" src=\"https:\/\/nexusaiagency.com\/wp-content\/uploads\/2024\/06\/locatel_logo.jpg\" class=\"attachment-medium_large size-medium_large wp-image-22404\" alt=\"\" srcset=\"https:\/\/nexusaiagency.com\/wp-content\/uploads\/2024\/06\/locatel_logo.jpg 470w, https:\/\/nexusaiagency.com\/wp-content\/uploads\/2024\/06\/locatel_logo-300x92.jpg 300w\" sizes=\"(max-width: 470px) 100vw, 470px\" \/>\t\t\t\t\t\t\t\t\t\t\t\t\t\t\t<\/div>\n\t\t\t\t<\/div>\n\t\t\t\t\t<\/div>\n\t\t\t\t<\/div>\n\t\t<div class=\"elementor-element elementor-element-f805095 e-flex e-con-boxed e-con e-parent\" data-id=\"f805095\" data-element_type=\"container\">\n\t\t\t\t\t<div class=\"e-con-inner\">\n\t\t\t\t<div class=\"elementor-element elementor-element-05f1a05 elementor-widget elementor-widget-shortcode\" data-id=\"05f1a05\" data-element_type=\"widget\" data-settings=\"{&quot;ekit_we_effect_on&quot;:&quot;none&quot;}\" data-widget_type=\"shortcode.default\">\n\t\t\t\t<div class=\"elementor-widget-container\">\n\t\t\t\t\t\t\t<div class=\"elementor-shortcode\"><\/div>\n\t\t\t\t\t\t<\/div>\n\t\t\t\t<\/div>\n\t\t\t\t\t<\/div>\n\t\t\t\t<\/div>\n\t\t<div class=\"elementor-element elementor-element-a7947ee e-flex e-con-boxed e-con e-parent\" data-id=\"a7947ee\" data-element_type=\"container\">\n\t\t\t\t\t<div class=\"e-con-inner\">\n\t\t<div class=\"elementor-element elementor-element-33a2ee4 e-con-full e-flex e-con e-child\" data-id=\"33a2ee4\" data-element_type=\"container\">\n\t\t\t\t<div class=\"elementor-element elementor-element-273cf6d elementor-widget elementor-widget-heading\" data-id=\"273cf6d\" data-element_type=\"widget\" data-settings=\"{&quot;ekit_we_effect_on&quot;:&quot;none&quot;}\" data-widget_type=\"heading.default\">\n\t\t\t\t<div class=\"elementor-widget-container\">\n\t\t\t\t\t<h2 class=\"elementor-heading-title elementor-size-default\">\u00bfQu\u00e9 estoy probando?<\/h2>\t\t\t\t<\/div>\n\t\t\t\t<\/div>\n\t\t\t\t<div class=\"elementor-element elementor-element-160f089 elementor-widget elementor-widget-text-editor\" data-id=\"160f089\" data-element_type=\"widget\" data-settings=\"{&quot;ekit_we_effect_on&quot;:&quot;none&quot;}\" data-widget_type=\"text-editor.default\">\n\t\t\t\t<div class=\"elementor-widget-container\">\n\t\t\t\t\t\t\t\t\t<p>Un bot de voz es un software que imita conversaciones humanas, sirviendo como un medio de comunicaci\u00f3n con un sistema desarrollado para ello. La comunicaci\u00f3n, en este caso, es una experiencia natural de intercambio de mensajes usando la voz entre el bot y el usuario. Al recibir una consulta, el bot utiliza su base de conocimientos existente para proporcionar respuestas. (Hemos utilizado parte de la informaci\u00f3n p\u00fablica del sitio web Locatel Venezuela para este bot de voz con IA).<\/p><div id=\"lv-root\">\u00a0<\/div>\t\t\t\t\t\t\t\t<\/div>\n\t\t\t\t<\/div>\n\t\t\t\t<\/div>\n\t\t<div class=\"elementor-element elementor-element-1051a30 e-con-full elementor-hidden-tablet elementor-hidden-mobile e-flex e-con e-child\" data-id=\"1051a30\" data-element_type=\"container\">\n\t\t\t\t<div class=\"elementor-element elementor-element-07d7892 elementor-widget elementor-widget-spacer\" data-id=\"07d7892\" data-element_type=\"widget\" data-settings=\"{&quot;ekit_we_effect_on&quot;:&quot;none&quot;}\" data-widget_type=\"spacer.default\">\n\t\t\t\t<div class=\"elementor-widget-container\">\n\t\t\t\t\t\t\t<div class=\"elementor-spacer\">\n\t\t\t<div class=\"elementor-spacer-inner\"><\/div>\n\t\t<\/div>\n\t\t\t\t\t\t<\/div>\n\t\t\t\t<\/div>\n\t\t\t\t<div class=\"elementor-element elementor-element-3af843c elementor-widget elementor-widget-heading\" data-id=\"3af843c\" data-element_type=\"widget\" data-settings=\"{&quot;ekit_we_effect_on&quot;:&quot;none&quot;}\" data-widget_type=\"heading.default\">\n\t\t\t\t<div class=\"elementor-widget-container\">\n\t\t\t\t\t<h2 class=\"elementor-heading-title elementor-size-default\">Por favor, haz clic en el icono de la burbuja de chat para comenzar la prueba. Aseg\u00farate de que tu micr\u00f3fono est\u00e9 activo.<\/h2>\t\t\t\t<\/div>\n\t\t\t\t<\/div>\n\t\t\t\t<\/div>\n\t\t\t\t\t<\/div>\n\t\t\t\t<\/div>\n\t\t<div class=\"elementor-element elementor-element-7da848b e-flex e-con-boxed e-con e-parent\" data-id=\"7da848b\" data-element_type=\"container\">\n\t\t\t\t\t<div class=\"e-con-inner\">\n\t\t<div class=\"elementor-element elementor-element-558123e e-con-full e-flex e-con e-child\" data-id=\"558123e\" data-element_type=\"container\">\n\t\t\t\t<div class=\"elementor-element elementor-element-c281ebd elementor-widget elementor-widget-heading\" data-id=\"c281ebd\" data-element_type=\"widget\" data-settings=\"{&quot;ekit_we_effect_on&quot;:&quot;none&quot;}\" data-widget_type=\"heading.default\">\n\t\t\t\t<div class=\"elementor-widget-container\">\n\t\t\t\t\t<h2 class=\"elementor-heading-title elementor-size-default\">\u00bfQu\u00e9 deber\u00eda preguntar?<\/h2>\t\t\t\t<\/div>\n\t\t\t\t<\/div>\n\t\t\t\t<div class=\"elementor-element elementor-element-85ba202 elementor-widget elementor-widget-text-editor\" data-id=\"85ba202\" data-element_type=\"widget\" data-settings=\"{&quot;ekit_we_effect_on&quot;:&quot;none&quot;}\" data-widget_type=\"text-editor.default\">\n\t\t\t\t<div class=\"elementor-widget-container\">\n\t\t\t\t\t\t\t\t\t<p>Esta demostraci\u00f3n del bot de voz est\u00e1 basada en la informaci\u00f3n proporcionada a continuaci\u00f3n. <span style=\"text-decoration: underline;\"><strong>Por favor, haz preguntas relacionadas con esta informaci\u00f3n.<\/strong><\/span><\/p><ul><li>Que es Locatel Venezuela: Misi\u00f3n, Visi\u00f3n.<\/li><li>Servicios<\/li><li>Tel\u00e9fono m\u00e1ster en Caracas<\/li><li>Opciones de env\u00edo<\/li><li>M\u00e9todos de pago aceptados<\/li><li>Ubicaci\u00f3n de tiendas a Nivel Nacional<\/li><\/ul><div id=\"lv-root\">\u00a0<\/div>\t\t\t\t\t\t\t\t<\/div>\n\t\t\t\t<\/div>\n\t\t\t\t<\/div>\n\t\t\t\t\t<\/div>\n\t\t\t\t<\/div>\n\t\t<div class=\"elementor-element elementor-element-8d32417 e-flex e-con-boxed e-con e-parent\" data-id=\"8d32417\" data-element_type=\"container\">\n\t\t\t\t\t<div class=\"e-con-inner\">\n\t\t\t\t<div class=\"elementor-element elementor-element-1120ff8 elementor-widget elementor-widget-heading\" data-id=\"1120ff8\" data-element_type=\"widget\" data-settings=\"{&quot;ekit_we_effect_on&quot;:&quot;none&quot;}\" data-widget_type=\"heading.default\">\n\t\t\t\t<div class=\"elementor-widget-container\">\n\t\t\t\t\t<h2 class=\"elementor-heading-title elementor-size-default\">Beneficios del bot de voz para los due\u00f1os de negocios.<\/h2>\t\t\t\t<\/div>\n\t\t\t\t<\/div>\n\t\t\t\t<div class=\"elementor-element elementor-element-057fb79 elementor-widget elementor-widget-text-editor\" data-id=\"057fb79\" data-element_type=\"widget\" data-settings=\"{&quot;ekit_we_effect_on&quot;:&quot;none&quot;}\" data-widget_type=\"text-editor.default\">\n\t\t\t\t<div class=\"elementor-widget-container\">\n\t\t\t\t\t\t\t\t\t<p>Los beneficios de los bots de voz para los due\u00f1os de negocios son innegables, aqu\u00ed algunos de ellos:\u00a0<\/p><p><strong>Ahorro de Costos y Tiempo:<\/strong> Los bots de voz automatizados ayudan a reducir costos al eliminar la necesidad de contratar m\u00e1s personal, reducir los tiempos de espera de los clientes y resolver problemas de manera r\u00e1pida y eficiente.<\/p><p><strong>Recuperaci\u00f3n R\u00e1pida de Informaci\u00f3n:<\/strong> Los bots proporcionan acceso r\u00e1pido a detalles de productos, precios y otra informaci\u00f3n relevante, ayudando a los clientes a tomar decisiones informadas.<\/p><p><strong>Aumento de Ventas:<\/strong> Al asistir a los clientes durante el proceso de compra, los bots mejoran las tasas de conversi\u00f3n y fomentan el crecimiento de las ventas.<\/p><p><strong>Generaci\u00f3n Eficiente de Prospectos:<\/strong> Los bots de generaci\u00f3n de prospectos recopilan y analizan datos personales para identificar posibles leads, calificarlos y guiarlos a trav\u00e9s del embudo de ventas, mejorando en \u00faltima instancia los esfuerzos de generaci\u00f3n de prospectos.<\/p><p><strong>Disponibilidad 24\/7:<\/strong> Los asistentes virtuales est\u00e1n disponibles las 24 horas del d\u00eda para proporcionar soporte continuo, asegurando que los clientes puedan interactuar con tu negocio a cualquier hora.<\/p><p><strong>Escalabilidad:<\/strong> Los bots de voz pueden manejar m\u00faltiples conversaciones simult\u00e1neamente, permitiendo interacciones fluidas con los clientes incluso durante per\u00edodos de alta demanda.<\/p><div id=\"lv-root\">\u00a0<\/div>\t\t\t\t\t\t\t\t<\/div>\n\t\t\t\t<\/div>\n\t\t\t\t\t<\/div>\n\t\t\t\t<\/div>\n\t\t\t\t<\/div>","protected":false},"excerpt":{"rendered":"<p>\u00bfQu\u00e9 estoy probando? Un bot de voz es un software que imita conversaciones humanas, sirviendo como un medio de comunicaci\u00f3n con un sistema desarrollado para ello. La comunicaci\u00f3n, en este caso, es una experiencia natural de intercambio de mensajes usando la voz entre el bot y el usuario. Al recibir una consulta, el bot utiliza [&hellip;]<\/p>","protected":false},"author":1,"featured_media":0,"parent":0,"menu_order":0,"comment_status":"closed","ping_status":"closed","template":"elementor_header_footer","meta":{"footnotes":""},"class_list":["post-22402","page","type-page","status-publish","hentry"],"yoast_head":"<!-- This site is optimized with the Yoast SEO Premium plugin v24.2 (Yoast SEO v26.8) - https:\/\/yoast.com\/product\/yoast-seo-premium-wordpress\/ -->\n<title>AI Voice Assistant - Locatel Venezuela - Nexus AI Agency<\/title>\n<meta name=\"robots\" content=\"index, follow, max-snippet:-1, max-image-preview:large, max-video-preview:-1\" \/>\n<link rel=\"canonical\" href=\"https:\/\/nexusaiagency.com\/es\/ai-voice-assistant-locatel-venezuela\/\" \/>\n<meta property=\"og:locale\" content=\"es_ES\" \/>\n<meta property=\"og:type\" content=\"article\" \/>\n<meta property=\"og:title\" content=\"AI Voice Assistant - Locatel Venezuela\" \/>\n<meta property=\"og:description\" content=\"\u00bfQu\u00e9 estoy probando? Un bot de voz es un software que imita conversaciones humanas, sirviendo como un medio de comunicaci\u00f3n con un sistema desarrollado para ello. La comunicaci\u00f3n, en este caso, es una experiencia natural de intercambio de mensajes usando la voz entre el bot y el usuario. Al recibir una consulta, el bot utiliza [&hellip;]\" \/>\n<meta property=\"og:url\" content=\"https:\/\/nexusaiagency.com\/es\/ai-voice-assistant-locatel-venezuela\/\" \/>\n<meta property=\"og:site_name\" content=\"Nexus AI Agency\" \/>\n<meta property=\"article:publisher\" content=\"https:\/\/www.facebook.com\/people\/Nexus-AI-Agency\/61560708722888\/\" \/>\n<meta property=\"article:modified_time\" content=\"2025-07-08T13:45:16+00:00\" \/>\n<meta property=\"og:image\" content=\"https:\/\/nexusaiagency.com\/wp-content\/uploads\/2024\/06\/locatel_logo.jpg\" \/>\n\t<meta property=\"og:image:width\" content=\"470\" \/>\n\t<meta property=\"og:image:height\" content=\"144\" \/>\n\t<meta property=\"og:image:type\" content=\"image\/jpeg\" \/>\n<meta name=\"twitter:card\" content=\"summary_large_image\" \/>\n<meta name=\"twitter:label1\" content=\"Tiempo de lectura\" \/>\n\t<meta name=\"twitter:data1\" content=\"2 minutos\" \/>\n<script type=\"application\/ld+json\" class=\"yoast-schema-graph\">{\"@context\":\"https:\/\/schema.org\",\"@graph\":[{\"@type\":\"WebPage\",\"@id\":\"https:\/\/nexusaiagency.com\/ai-voice-assistant-locatel-venezuela\/\",\"url\":\"https:\/\/nexusaiagency.com\/ai-voice-assistant-locatel-venezuela\/\",\"name\":\"AI Voice Assistant - Locatel Venezuela - Nexus AI Agency\",\"isPartOf\":{\"@id\":\"https:\/\/nexusaiagency.com\/#website\"},\"primaryImageOfPage\":{\"@id\":\"https:\/\/nexusaiagency.com\/ai-voice-assistant-locatel-venezuela\/#primaryimage\"},\"image\":{\"@id\":\"https:\/\/nexusaiagency.com\/ai-voice-assistant-locatel-venezuela\/#primaryimage\"},\"thumbnailUrl\":\"https:\/\/nexusaiagency.com\/wp-content\/uploads\/2024\/06\/locatel_logo.jpg\",\"datePublished\":\"2024-06-13T18:42:53+00:00\",\"dateModified\":\"2025-07-08T13:45:16+00:00\",\"breadcrumb\":{\"@id\":\"https:\/\/nexusaiagency.com\/ai-voice-assistant-locatel-venezuela\/#breadcrumb\"},\"inLanguage\":\"es-CO\",\"potentialAction\":[{\"@type\":\"ReadAction\",\"target\":[\"https:\/\/nexusaiagency.com\/ai-voice-assistant-locatel-venezuela\/\"]}]},{\"@type\":\"ImageObject\",\"inLanguage\":\"es-CO\",\"@id\":\"https:\/\/nexusaiagency.com\/ai-voice-assistant-locatel-venezuela\/#primaryimage\",\"url\":\"https:\/\/nexusaiagency.com\/wp-content\/uploads\/2024\/06\/locatel_logo.jpg\",\"contentUrl\":\"https:\/\/nexusaiagency.com\/wp-content\/uploads\/2024\/06\/locatel_logo.jpg\"},{\"@type\":\"BreadcrumbList\",\"@id\":\"https:\/\/nexusaiagency.com\/ai-voice-assistant-locatel-venezuela\/#breadcrumb\",\"itemListElement\":[{\"@type\":\"ListItem\",\"position\":1,\"name\":\"Home\",\"item\":\"https:\/\/nexusaiagency.com\/\"},{\"@type\":\"ListItem\",\"position\":2,\"name\":\"AI Voice Assistant &#8211; Locatel Venezuela\"}]},{\"@type\":\"WebSite\",\"@id\":\"https:\/\/nexusaiagency.com\/#website\",\"url\":\"https:\/\/nexusaiagency.com\/\",\"name\":\"Nexus AI Agency\",\"description\":\"Ultimate AI Automation Agency\",\"publisher\":{\"@id\":\"https:\/\/nexusaiagency.com\/#organization\"},\"potentialAction\":[{\"@type\":\"SearchAction\",\"target\":{\"@type\":\"EntryPoint\",\"urlTemplate\":\"https:\/\/nexusaiagency.com\/?s={search_term_string}\"},\"query-input\":{\"@type\":\"PropertyValueSpecification\",\"valueRequired\":true,\"valueName\":\"search_term_string\"}}],\"inLanguage\":\"es-CO\"},{\"@type\":\"Organization\",\"@id\":\"https:\/\/nexusaiagency.com\/#organization\",\"name\":\"Nexus AI Agency\",\"url\":\"https:\/\/nexusaiagency.com\/\",\"logo\":{\"@type\":\"ImageObject\",\"inLanguage\":\"es-CO\",\"@id\":\"https:\/\/nexusaiagency.com\/#\/schema\/logo\/image\/\",\"url\":\"https:\/\/nexusaiagency.com\/wp-content\/uploads\/2024\/05\/Nexus-AI-logo-white.png\",\"contentUrl\":\"https:\/\/nexusaiagency.com\/wp-content\/uploads\/2024\/05\/Nexus-AI-logo-white.png\",\"width\":2200,\"height\":855,\"caption\":\"Nexus AI Agency\"},\"image\":{\"@id\":\"https:\/\/nexusaiagency.com\/#\/schema\/logo\/image\/\"},\"sameAs\":[\"https:\/\/www.facebook.com\/people\/Nexus-AI-Agency\/61560708722888\/\",\"https:\/\/www.instagram.com\/nexusaiagencyinc\/\"]}]}<\/script>\n<!-- \/ Yoast SEO Premium plugin. -->","yoast_head_json":{"title":"AI Voice Assistant - Locatel Venezuela - Nexus AI Agency","robots":{"index":"index","follow":"follow","max-snippet":"max-snippet:-1","max-image-preview":"max-image-preview:large","max-video-preview":"max-video-preview:-1"},"canonical":"https:\/\/nexusaiagency.com\/es\/ai-voice-assistant-locatel-venezuela\/","og_locale":"es_ES","og_type":"article","og_title":"AI Voice Assistant - Locatel Venezuela","og_description":"\u00bfQu\u00e9 estoy probando? Un bot de voz es un software que imita conversaciones humanas, sirviendo como un medio de comunicaci\u00f3n con un sistema desarrollado para ello. La comunicaci\u00f3n, en este caso, es una experiencia natural de intercambio de mensajes usando la voz entre el bot y el usuario. Al recibir una consulta, el bot utiliza [&hellip;]","og_url":"https:\/\/nexusaiagency.com\/es\/ai-voice-assistant-locatel-venezuela\/","og_site_name":"Nexus AI Agency","article_publisher":"https:\/\/www.facebook.com\/people\/Nexus-AI-Agency\/61560708722888\/","article_modified_time":"2025-07-08T13:45:16+00:00","og_image":[{"width":470,"height":144,"url":"https:\/\/nexusaiagency.com\/wp-content\/uploads\/2024\/06\/locatel_logo.jpg","type":"image\/jpeg"}],"twitter_card":"summary_large_image","twitter_misc":{"Tiempo de lectura":"2 minutos"},"schema":{"@context":"https:\/\/schema.org","@graph":[{"@type":"WebPage","@id":"https:\/\/nexusaiagency.com\/ai-voice-assistant-locatel-venezuela\/","url":"https:\/\/nexusaiagency.com\/ai-voice-assistant-locatel-venezuela\/","name":"AI Voice Assistant - Locatel Venezuela - Nexus AI Agency","isPartOf":{"@id":"https:\/\/nexusaiagency.com\/#website"},"primaryImageOfPage":{"@id":"https:\/\/nexusaiagency.com\/ai-voice-assistant-locatel-venezuela\/#primaryimage"},"image":{"@id":"https:\/\/nexusaiagency.com\/ai-voice-assistant-locatel-venezuela\/#primaryimage"},"thumbnailUrl":"https:\/\/nexusaiagency.com\/wp-content\/uploads\/2024\/06\/locatel_logo.jpg","datePublished":"2024-06-13T18:42:53+00:00","dateModified":"2025-07-08T13:45:16+00:00","breadcrumb":{"@id":"https:\/\/nexusaiagency.com\/ai-voice-assistant-locatel-venezuela\/#breadcrumb"},"inLanguage":"es-CO","potentialAction":[{"@type":"ReadAction","target":["https:\/\/nexusaiagency.com\/ai-voice-assistant-locatel-venezuela\/"]}]},{"@type":"ImageObject","inLanguage":"es-CO","@id":"https:\/\/nexusaiagency.com\/ai-voice-assistant-locatel-venezuela\/#primaryimage","url":"https:\/\/nexusaiagency.com\/wp-content\/uploads\/2024\/06\/locatel_logo.jpg","contentUrl":"https:\/\/nexusaiagency.com\/wp-content\/uploads\/2024\/06\/locatel_logo.jpg"},{"@type":"BreadcrumbList","@id":"https:\/\/nexusaiagency.com\/ai-voice-assistant-locatel-venezuela\/#breadcrumb","itemListElement":[{"@type":"ListItem","position":1,"name":"Home","item":"https:\/\/nexusaiagency.com\/"},{"@type":"ListItem","position":2,"name":"AI Voice Assistant &#8211; Locatel Venezuela"}]},{"@type":"WebSite","@id":"https:\/\/nexusaiagency.com\/#website","url":"https:\/\/nexusaiagency.com\/","name":"Nexus AI Agency","description":"Ultimate AI Automation Agency","publisher":{"@id":"https:\/\/nexusaiagency.com\/#organization"},"potentialAction":[{"@type":"SearchAction","target":{"@type":"EntryPoint","urlTemplate":"https:\/\/nexusaiagency.com\/?s={search_term_string}"},"query-input":{"@type":"PropertyValueSpecification","valueRequired":true,"valueName":"search_term_string"}}],"inLanguage":"es-CO"},{"@type":"Organization","@id":"https:\/\/nexusaiagency.com\/#organization","name":"Nexus AI Agency","url":"https:\/\/nexusaiagency.com\/","logo":{"@type":"ImageObject","inLanguage":"es-CO","@id":"https:\/\/nexusaiagency.com\/#\/schema\/logo\/image\/","url":"https:\/\/nexusaiagency.com\/wp-content\/uploads\/2024\/05\/Nexus-AI-logo-white.png","contentUrl":"https:\/\/nexusaiagency.com\/wp-content\/uploads\/2024\/05\/Nexus-AI-logo-white.png","width":2200,"height":855,"caption":"Nexus AI Agency"},"image":{"@id":"https:\/\/nexusaiagency.com\/#\/schema\/logo\/image\/"},"sameAs":["https:\/\/www.facebook.com\/people\/Nexus-AI-Agency\/61560708722888\/","https:\/\/www.instagram.com\/nexusaiagencyinc\/"]}]}},"_links":{"self":[{"href":"https:\/\/nexusaiagency.com\/es\/wp-json\/wp\/v2\/pages\/22402","targetHints":{"allow":["GET"]}}],"collection":[{"href":"https:\/\/nexusaiagency.com\/es\/wp-json\/wp\/v2\/pages"}],"about":[{"href":"https:\/\/nexusaiagency.com\/es\/wp-json\/wp\/v2\/types\/page"}],"author":[{"embeddable":true,"href":"https:\/\/nexusaiagency.com\/es\/wp-json\/wp\/v2\/users\/1"}],"replies":[{"embeddable":true,"href":"https:\/\/nexusaiagency.com\/es\/wp-json\/wp\/v2\/comments?post=22402"}],"version-history":[{"count":22,"href":"https:\/\/nexusaiagency.com\/es\/wp-json\/wp\/v2\/pages\/22402\/revisions"}],"predecessor-version":[{"id":22724,"href":"https:\/\/nexusaiagency.com\/es\/wp-json\/wp\/v2\/pages\/22402\/revisions\/22724"}],"wp:attachment":[{"href":"https:\/\/nexusaiagency.com\/es\/wp-json\/wp\/v2\/media?parent=22402"}],"curies":[{"name":"wp","href":"https:\/\/api.w.org\/{rel}","templated":true}]}}